{"id":3312,"date":"2023-02-20T12:50:43","date_gmt":"2023-02-20T11:50:43","guid":{"rendered":"https:\/\/medina-agadir.com\/conditions-dutilisation\/"},"modified":"2023-12-13T15:36:28","modified_gmt":"2023-12-13T14:36:28","slug":"privacy-policy","status":"publish","type":"page","link":"https:\/\/www.medina-agadir.com\/en\/privacy-policy\/","title":{"rendered":"Privacy policy"},"content":{"rendered":"[et_pb_section fb_built=&#8221;1&#8243; _builder_version=&#8221;4.18.0&#8243; _module_preset=&#8221;default&#8221; background_color=&#8221;#ffffff&#8221; custom_margin=&#8221;0px||50px||false|false&#8221; custom_padding=&#8221;48px||0px||false|false&#8221; animation_style=&#8221;fade&#8221; saved_tabs=&#8221;all&#8221; locked=&#8221;off&#8221; global_colors_info=&#8221;{}&#8221;][et_pb_row _builder_version=&#8221;4.18.0&#8243; _module_preset=&#8221;default&#8221; global_colors_info=&#8221;{}&#8221;][et_pb_column type=&#8221;4_4&#8243; _builder_version=&#8221;4.18.0&#8243; _module_preset=&#8221;default&#8221; global_colors_info=&#8221;{}&#8221;][et_pb_text _builder_version=&#8221;4.18.0&#8243; _module_preset=&#8221;default&#8221; custom_padding=&#8221;||32px||false|false&#8221; global_colors_info=&#8221;{}&#8221;]<p>The confidentiality policy informs you of the use we make of personal data collected via our website.<\/p>\n<p>The &#8220;Soci\u00e9t\u00e9 D\u00e9veloppement Touristique Souss Massa&#8221; is committed to protecting and respecting your privacy in conformity with the rules on the protection of personal data, in accordance with Law No. 09-08 of 18 February 2009 on the protection of individuals with regard to the processing of personal data. Our privacy policy applies to all visitors and customers over the age of 18 who use our website.<\/p>\n<p>Our privacy policy may change at any time. Please check back regularly for the latest updates to our privacy policy.<\/p>\n<h3 style=\"text-align: justify;\">Information we collect<\/h3>\n<p>We may collect the following personal data about you:<\/p>\n<p>&#8211; Surname, first name<br \/>&#8211; Phone number<br \/>&#8211; Email address<br \/>&#8211; Company name<\/p>\n<p>This personal data is collected in the following cases:<\/p>\n<p>&#8211; Request a quote or contact you on our website<br \/>&#8211; You access and browse our website<\/p>\n<h3 style=\"text-align: justify;\">Use of personal data<\/h3>\n<p style=\"text-align: justify;\">We use your information to contact you and respond to your request.<\/p>\n<h3 style=\"text-align: justify;\">Storage of your personal data<\/h3>\n<p style=\"text-align: justify;\">The website and the personal data collected about you are stored on a server located in Switzerland.<\/p>\n<h3 style=\"text-align: justify;\">Cookies<\/h3>\n<p style=\"text-align: justify;\">Our website uses cookies to collect information. Cookies are data files placed on a computer, mobile phone or other device (such as a smart phone or tablet) when you browse our website.<\/p>\n<h3 style=\"text-align: justify;\">Security<\/h3>\n<p style=\"text-align: justify;\">All the information you provide is stored on our secure server.<\/p>\n<h3 style=\"text-align: justify;\">Contact<\/h3>\n<p style=\"text-align: justify;\">You can contact us using our online form.<\/p>[\/et_pb_text][\/et_pb_column][\/et_pb_row][\/et_pb_section]","protected":false},"excerpt":{"rendered":"<p>la M\u00e9dina se d\u00e9ploie \u00e0<br \/>\nl\u2019int\u00e9rieur de remparts ocre, en m\u00e9andres impressionnants de ruelles, terrasses, cours int\u00e9rieures et<br \/>\nescaliers d\u00e9rob\u00e9s, coursives et galeries.<\/p>\n","protected":false},"author":1,"featured_media":2198,"parent":0,"menu_order":0,"comment_status":"closed","ping_status":"closed","template":"","meta":{"_et_pb_use_builder":"on","_et_pb_old_content":"","_et_gb_content_width":"","footnotes":""},"class_list":["post-3312","page","type-page","status-publish","has-post-thumbnail","hentry"],"acf":[],"yoast_head":"<!-- This site is optimized with the Yoast SEO plugin v25.0 - https:\/\/yoast.com\/wordpress\/plugins\/seo\/ -->\n<title>Privacy policy - La Medina d&#039;agadir<\/title>\n<meta name=\"robots\" content=\"index, follow, max-snippet:-1, max-image-preview:large, max-video-preview:-1\" \/>\n<link rel=\"canonical\" href=\"https:\/\/www.medina-agadir.com\/en\/privacy-policy\/\" \/>\n<meta property=\"og:locale\" content=\"en_US\" \/>\n<meta property=\"og:type\" content=\"article\" \/>\n<meta property=\"og:title\" content=\"Privacy policy - La Medina d&#039;agadir\" \/>\n<meta property=\"og:description\" content=\"la M\u00e9dina se d\u00e9ploie \u00e0 l\u2019int\u00e9rieur de remparts ocre, en m\u00e9andres impressionnants de ruelles, terrasses, cours int\u00e9rieures et escaliers d\u00e9rob\u00e9s, coursives et galeries.\" \/>\n<meta property=\"og:url\" content=\"https:\/\/www.medina-agadir.com\/en\/privacy-policy\/\" \/>\n<meta property=\"og:site_name\" content=\"La Medina d&#039;agadir\" \/>\n<meta property=\"article:modified_time\" content=\"2023-12-13T14:36:28+00:00\" \/>\n<meta property=\"og:image\" content=\"https:\/\/www.medina-agadir.com\/wp-content\/uploads\/2023\/03\/DSC04729-scaled.jpg\" \/>\n\t<meta property=\"og:image:width\" content=\"2560\" \/>\n\t<meta property=\"og:image:height\" content=\"1707\" \/>\n\t<meta property=\"og:image:type\" content=\"image\/jpeg\" \/>\n<meta name=\"twitter:card\" content=\"summary_large_image\" \/>\n<meta name=\"twitter:label1\" content=\"Est. reading time\" \/>\n\t<meta name=\"twitter:data1\" content=\"2 minutes\" \/>\n<script type=\"application\/ld+json\" class=\"yoast-schema-graph\">{\"@context\":\"https:\/\/schema.org\",\"@graph\":[{\"@type\":\"WebPage\",\"@id\":\"https:\/\/www.medina-agadir.com\/en\/privacy-policy\/\",\"url\":\"https:\/\/www.medina-agadir.com\/en\/privacy-policy\/\",\"name\":\"Privacy policy - La Medina d&#039;agadir\",\"isPartOf\":{\"@id\":\"https:\/\/www.medina-agadir.com\/#website\"},\"primaryImageOfPage\":{\"@id\":\"https:\/\/www.medina-agadir.com\/en\/privacy-policy\/#primaryimage\"},\"image\":{\"@id\":\"https:\/\/www.medina-agadir.com\/en\/privacy-policy\/#primaryimage\"},\"thumbnailUrl\":\"https:\/\/www.medina-agadir.com\/wp-content\/uploads\/2023\/03\/DSC04729-scaled.jpg\",\"datePublished\":\"2023-02-20T11:50:43+00:00\",\"dateModified\":\"2023-12-13T14:36:28+00:00\",\"breadcrumb\":{\"@id\":\"https:\/\/www.medina-agadir.com\/en\/privacy-policy\/#breadcrumb\"},\"inLanguage\":\"en-US\",\"potentialAction\":[{\"@type\":\"ReadAction\",\"target\":[\"https:\/\/www.medina-agadir.com\/en\/privacy-policy\/\"]}]},{\"@type\":\"ImageObject\",\"inLanguage\":\"en-US\",\"@id\":\"https:\/\/www.medina-agadir.com\/en\/privacy-policy\/#primaryimage\",\"url\":\"https:\/\/www.medina-agadir.com\/wp-content\/uploads\/2023\/03\/DSC04729-scaled.jpg\",\"contentUrl\":\"https:\/\/www.medina-agadir.com\/wp-content\/uploads\/2023\/03\/DSC04729-scaled.jpg\",\"width\":2560,\"height\":1707},{\"@type\":\"BreadcrumbList\",\"@id\":\"https:\/\/www.medina-agadir.com\/en\/privacy-policy\/#breadcrumb\",\"itemListElement\":[{\"@type\":\"ListItem\",\"position\":1,\"name\":\"Home\",\"item\":\"https:\/\/www.medina-agadir.com\/en\/\"},{\"@type\":\"ListItem\",\"position\":2,\"name\":\"Privacy policy\"}]},{\"@type\":\"WebSite\",\"@id\":\"https:\/\/www.medina-agadir.com\/#website\",\"url\":\"https:\/\/www.medina-agadir.com\/\",\"name\":\"La Medina d&#039;agadir\",\"description\":\"Un site utilisant WordPress\",\"potentialAction\":[{\"@type\":\"SearchAction\",\"target\":{\"@type\":\"EntryPoint\",\"urlTemplate\":\"https:\/\/www.medina-agadir.com\/?s={search_term_string}\"},\"query-input\":{\"@type\":\"PropertyValueSpecification\",\"valueRequired\":true,\"valueName\":\"search_term_string\"}}],\"inLanguage\":\"en-US\"}]}<\/script>\n<!-- \/ Yoast SEO plugin. -->","yoast_head_json":{"title":"Privacy policy - La Medina d&#039;agadir","robots":{"index":"index","follow":"follow","max-snippet":"max-snippet:-1","max-image-preview":"max-image-preview:large","max-video-preview":"max-video-preview:-1"},"canonical":"https:\/\/www.medina-agadir.com\/en\/privacy-policy\/","og_locale":"en_US","og_type":"article","og_title":"Privacy policy - La Medina d&#039;agadir","og_description":"la M\u00e9dina se d\u00e9ploie \u00e0 l\u2019int\u00e9rieur de remparts ocre, en m\u00e9andres impressionnants de ruelles, terrasses, cours int\u00e9rieures et escaliers d\u00e9rob\u00e9s, coursives et galeries.","og_url":"https:\/\/www.medina-agadir.com\/en\/privacy-policy\/","og_site_name":"La Medina d&#039;agadir","article_modified_time":"2023-12-13T14:36:28+00:00","og_image":[{"width":2560,"height":1707,"url":"https:\/\/www.medina-agadir.com\/wp-content\/uploads\/2023\/03\/DSC04729-scaled.jpg","type":"image\/jpeg"}],"twitter_card":"summary_large_image","twitter_misc":{"Est. reading time":"2 minutes"},"schema":{"@context":"https:\/\/schema.org","@graph":[{"@type":"WebPage","@id":"https:\/\/www.medina-agadir.com\/en\/privacy-policy\/","url":"https:\/\/www.medina-agadir.com\/en\/privacy-policy\/","name":"Privacy policy - La Medina d&#039;agadir","isPartOf":{"@id":"https:\/\/www.medina-agadir.com\/#website"},"primaryImageOfPage":{"@id":"https:\/\/www.medina-agadir.com\/en\/privacy-policy\/#primaryimage"},"image":{"@id":"https:\/\/www.medina-agadir.com\/en\/privacy-policy\/#primaryimage"},"thumbnailUrl":"https:\/\/www.medina-agadir.com\/wp-content\/uploads\/2023\/03\/DSC04729-scaled.jpg","datePublished":"2023-02-20T11:50:43+00:00","dateModified":"2023-12-13T14:36:28+00:00","breadcrumb":{"@id":"https:\/\/www.medina-agadir.com\/en\/privacy-policy\/#breadcrumb"},"inLanguage":"en-US","potentialAction":[{"@type":"ReadAction","target":["https:\/\/www.medina-agadir.com\/en\/privacy-policy\/"]}]},{"@type":"ImageObject","inLanguage":"en-US","@id":"https:\/\/www.medina-agadir.com\/en\/privacy-policy\/#primaryimage","url":"https:\/\/www.medina-agadir.com\/wp-content\/uploads\/2023\/03\/DSC04729-scaled.jpg","contentUrl":"https:\/\/www.medina-agadir.com\/wp-content\/uploads\/2023\/03\/DSC04729-scaled.jpg","width":2560,"height":1707},{"@type":"BreadcrumbList","@id":"https:\/\/www.medina-agadir.com\/en\/privacy-policy\/#breadcrumb","itemListElement":[{"@type":"ListItem","position":1,"name":"Home","item":"https:\/\/www.medina-agadir.com\/en\/"},{"@type":"ListItem","position":2,"name":"Privacy policy"}]},{"@type":"WebSite","@id":"https:\/\/www.medina-agadir.com\/#website","url":"https:\/\/www.medina-agadir.com\/","name":"La Medina d&#039;agadir","description":"Un site utilisant WordPress","potentialAction":[{"@type":"SearchAction","target":{"@type":"EntryPoint","urlTemplate":"https:\/\/www.medina-agadir.com\/?s={search_term_string}"},"query-input":{"@type":"PropertyValueSpecification","valueRequired":true,"valueName":"search_term_string"}}],"inLanguage":"en-US"}]}},"_links":{"self":[{"href":"https:\/\/www.medina-agadir.com\/en\/wp-json\/wp\/v2\/pages\/3312","targetHints":{"allow":["GET"]}}],"collection":[{"href":"https:\/\/www.medina-agadir.com\/en\/wp-json\/wp\/v2\/pages"}],"about":[{"href":"https:\/\/www.medina-agadir.com\/en\/wp-json\/wp\/v2\/types\/page"}],"author":[{"embeddable":true,"href":"https:\/\/www.medina-agadir.com\/en\/wp-json\/wp\/v2\/users\/1"}],"replies":[{"embeddable":true,"href":"https:\/\/www.medina-agadir.com\/en\/wp-json\/wp\/v2\/comments?post=3312"}],"version-history":[{"count":3,"href":"https:\/\/www.medina-agadir.com\/en\/wp-json\/wp\/v2\/pages\/3312\/revisions"}],"predecessor-version":[{"id":3318,"href":"https:\/\/www.medina-agadir.com\/en\/wp-json\/wp\/v2\/pages\/3312\/revisions\/3318"}],"wp:featuredmedia":[{"embeddable":true,"href":"https:\/\/www.medina-agadir.com\/en\/wp-json\/wp\/v2\/media\/2198"}],"wp:attachment":[{"href":"https:\/\/www.medina-agadir.com\/en\/wp-json\/wp\/v2\/media?parent=3312"}],"curies":[{"name":"wp","href":"https:\/\/api.w.org\/{rel}","templated":true}]}}