{"id":3302,"date":"2023-02-20T12:47:37","date_gmt":"2023-02-20T11:47:37","guid":{"rendered":"https:\/\/medina-agadir.com\/mentions-legales\/"},"modified":"2023-12-13T15:29:49","modified_gmt":"2023-12-13T14:29:49","slug":"legal-mentions","status":"publish","type":"page","link":"https:\/\/www.medina-agadir.com\/en\/legal-mentions\/","title":{"rendered":"Legal mentions"},"content":{"rendered":"[et_pb_section fb_built=&#8221;1&#8243; _builder_version=&#8221;4.18.0&#8243; _module_preset=&#8221;default&#8221; background_color=&#8221;#ffffff&#8221; custom_margin=&#8221;0px||50px||false|false&#8221; custom_padding=&#8221;48px||0px||false|false&#8221; animation_style=&#8221;fade&#8221; saved_tabs=&#8221;all&#8221; locked=&#8221;off&#8221; global_colors_info=&#8221;{}&#8221;][et_pb_row _builder_version=&#8221;4.18.0&#8243; _module_preset=&#8221;default&#8221; global_colors_info=&#8221;{}&#8221;][et_pb_column type=&#8221;4_4&#8243; _builder_version=&#8221;4.18.0&#8243; _module_preset=&#8221;default&#8221; global_colors_info=&#8221;{}&#8221;][et_pb_text _builder_version=&#8221;4.18.0&#8243; _module_preset=&#8221;default&#8221; custom_padding=&#8221;||32px||false|false&#8221; global_colors_info=&#8221;{}&#8221;]<h2 style=\"text-align: justify;\">Owner of the website:<\/h2>\n<p style=\"text-align: justify;\">Soci\u00e9t\u00e9 D\u00e9veloppement Touristique Souss Massa S.A \u00ab SDR \u00bb with a capital of 21.500.000,00 Dh.<br \/>Adress: Imm Dar Al Mouhami II, 2\u00e8me \u00e9tage N\u00b0A208 \u2013 Haut Founty, Agadir \u2013 Maroc<br \/>TP: 55001054 | RC: 39225 | IF: 31892812 | ICE: 002197995000093<\/p>\n<p style=\"text-align: justify;\">Website design and development: <strong><a href=\"https:\/\/digitz.fr\/\" target=\"_blank\" rel=\"noopener\" title=\"agence digitale\u00a0\">Agence Digitz<\/a><\/strong><\/p>\n<h3 style=\"text-align: justify;\">1- Intellectual property rights<\/h3>\n<p style=\"text-align: justify;\">Any reproduction, representation, use, adaptation, modification, incorporation, translation or commercialisation, in part or in full, by any process and on any medium whatsoever (paper, digital, etc.) is prohibited without the prior written authorisation of the &#8220;SDR&#8221;.<\/p>\n<h3 style=\"text-align: justify;\">2- Information relating to products and services<\/h3>\n<p style=\"text-align: justify;\">The information and illustrations appearing on the pages of this website are based on the current technical characteristics at the time of going online or updating the various pages of the website. As part of a policy of constant product improvement, the &#8220;SDR&#8221; may modify the technical and technological characteristics of its products and services at any time.<br \/>In any event, the information contained on this site is of a general nature and has no contractual value.<\/p>\n<h3 style=\"text-align: justify;\">3- Protection of personal data<\/h3>\n<p style=\"text-align: justify;\">You may consult the site without revealing your identity or any other personal information.<br \/>You have the right to access and rectify any personal information that you may communicate to us, in accordance with Moroccan law.<br \/>We need to collect this information in order to respond to your requests for information or to make an appointment, and to send you an electronic newsletter if necessary.<br \/>Please note that in order to offer you products and services that are increasingly tailored to your needs, certain non-personal information relating to your activity on this site will be automatically collected.<\/p>\n<h3 style=\"text-align: justify;\">4- Hypertext links<\/h3>\n<p style=\"text-align: justify;\">Under no circumstances may the &#8220;SDR&#8221; be held responsible for the content, products or services offered on sites to which the site may be linked by hypertext links or any other type of link.<br \/>The site contains a certain number of hypertext links to other sites, set up with the authorisation of the &#8220;SDR&#8221;.<br \/>However, the &#8220;SDR&#8221; does not have the possibility of checking the content of the sites visited in this way, and consequently accepts no liability in this respect.<\/p>\n<h3 style=\"text-align: justify;\">5- Applicable law<\/h3>\n<p style=\"text-align: justify;\">The website and these general conditions are subject to Moroccan law and are written in French.<\/p>\n<h3 style=\"text-align: justify;\">6- Limitation of liability<\/h3>\n<p style=\"text-align: justify;\">You use the site under your sole and entire responsibility. The &#8220;SDR&#8221; and the members of its network may not be held liable for direct or indirect damage, such as, in particular, material loss, loss of data or programmes, or financial loss, resulting from the use of this site or sites linked to it.<br \/>You must therefore ensure that the law of the country from which you are connecting authorises consultation of the site.<\/p>\n<h3 style=\"text-align: justify;\">7- Updates<\/h3>\n<p style=\"text-align: justify;\">The &#8220;SDR&#8221; reserves the right to modify and update, without prior notice, these General Conditions and all the elements, products or services presented on the site.<br \/>All of these modifications are binding on Internet users, who must consult these General Conditions each time they connect.<br \/>The website may not be held liable for any material damage arising from use of the site. Furthermore, the user of the site undertakes to access the site using recent, virus-free equipment and with an up-to-date, latest-generation browser.<br \/>The site is intended for the information and communication of products and services to Internet users. Access to and use of this site are subject to these &#8220;general terms and conditions&#8221; detailed below and to the applicable laws. Connection and access to the site implies full and unreserved acceptance by the Internet user of all the provisions of these general conditions.<\/p>[\/et_pb_text][\/et_pb_column][\/et_pb_row][\/et_pb_section]","protected":false},"excerpt":{"rendered":"<p>la M\u00e9dina se d\u00e9ploie \u00e0<br \/>\nl\u2019int\u00e9rieur de remparts ocre, en m\u00e9andres impressionnants de ruelles, terrasses, cours int\u00e9rieures et<br \/>\nescaliers d\u00e9rob\u00e9s, coursives et galeries.<\/p>\n","protected":false},"author":1,"featured_media":2198,"parent":0,"menu_order":0,"comment_status":"closed","ping_status":"closed","template":"","meta":{"_et_pb_use_builder":"on","_et_pb_old_content":"","_et_gb_content_width":"","footnotes":""},"class_list":["post-3302","page","type-page","status-publish","has-post-thumbnail","hentry"],"acf":[],"yoast_head":"<!-- This site is optimized with the Yoast SEO plugin v25.0 - https:\/\/yoast.com\/wordpress\/plugins\/seo\/ -->\n<title>Legal mentions - La Medina d&#039;agadir<\/title>\n<meta name=\"robots\" content=\"index, follow, max-snippet:-1, max-image-preview:large, max-video-preview:-1\" \/>\n<link rel=\"canonical\" href=\"https:\/\/www.medina-agadir.com\/en\/legal-mentions\/\" \/>\n<meta property=\"og:locale\" content=\"en_US\" \/>\n<meta property=\"og:type\" content=\"article\" \/>\n<meta property=\"og:title\" content=\"Legal mentions - La Medina d&#039;agadir\" \/>\n<meta property=\"og:description\" content=\"la M\u00e9dina se d\u00e9ploie \u00e0 l\u2019int\u00e9rieur de remparts ocre, en m\u00e9andres impressionnants de ruelles, terrasses, cours int\u00e9rieures et escaliers d\u00e9rob\u00e9s, coursives et galeries.\" \/>\n<meta property=\"og:url\" content=\"https:\/\/www.medina-agadir.com\/en\/legal-mentions\/\" \/>\n<meta property=\"og:site_name\" content=\"La Medina d&#039;agadir\" \/>\n<meta property=\"article:modified_time\" content=\"2023-12-13T14:29:49+00:00\" \/>\n<meta property=\"og:image\" content=\"https:\/\/www.medina-agadir.com\/wp-content\/uploads\/2023\/03\/DSC04729-scaled.jpg\" \/>\n\t<meta property=\"og:image:width\" content=\"2560\" \/>\n\t<meta property=\"og:image:height\" content=\"1707\" \/>\n\t<meta property=\"og:image:type\" content=\"image\/jpeg\" \/>\n<meta name=\"twitter:card\" content=\"summary_large_image\" \/>\n<meta name=\"twitter:label1\" content=\"Est. reading time\" \/>\n\t<meta name=\"twitter:data1\" content=\"4 minutes\" \/>\n<script type=\"application\/ld+json\" class=\"yoast-schema-graph\">{\"@context\":\"https:\/\/schema.org\",\"@graph\":[{\"@type\":\"WebPage\",\"@id\":\"https:\/\/www.medina-agadir.com\/en\/legal-mentions\/\",\"url\":\"https:\/\/www.medina-agadir.com\/en\/legal-mentions\/\",\"name\":\"Legal mentions - La Medina d&#039;agadir\",\"isPartOf\":{\"@id\":\"https:\/\/www.medina-agadir.com\/#website\"},\"primaryImageOfPage\":{\"@id\":\"https:\/\/www.medina-agadir.com\/en\/legal-mentions\/#primaryimage\"},\"image\":{\"@id\":\"https:\/\/www.medina-agadir.com\/en\/legal-mentions\/#primaryimage\"},\"thumbnailUrl\":\"https:\/\/www.medina-agadir.com\/wp-content\/uploads\/2023\/03\/DSC04729-scaled.jpg\",\"datePublished\":\"2023-02-20T11:47:37+00:00\",\"dateModified\":\"2023-12-13T14:29:49+00:00\",\"breadcrumb\":{\"@id\":\"https:\/\/www.medina-agadir.com\/en\/legal-mentions\/#breadcrumb\"},\"inLanguage\":\"en-US\",\"potentialAction\":[{\"@type\":\"ReadAction\",\"target\":[\"https:\/\/www.medina-agadir.com\/en\/legal-mentions\/\"]}]},{\"@type\":\"ImageObject\",\"inLanguage\":\"en-US\",\"@id\":\"https:\/\/www.medina-agadir.com\/en\/legal-mentions\/#primaryimage\",\"url\":\"https:\/\/www.medina-agadir.com\/wp-content\/uploads\/2023\/03\/DSC04729-scaled.jpg\",\"contentUrl\":\"https:\/\/www.medina-agadir.com\/wp-content\/uploads\/2023\/03\/DSC04729-scaled.jpg\",\"width\":2560,\"height\":1707},{\"@type\":\"BreadcrumbList\",\"@id\":\"https:\/\/www.medina-agadir.com\/en\/legal-mentions\/#breadcrumb\",\"itemListElement\":[{\"@type\":\"ListItem\",\"position\":1,\"name\":\"Home\",\"item\":\"https:\/\/www.medina-agadir.com\/en\/\"},{\"@type\":\"ListItem\",\"position\":2,\"name\":\"Legal mentions\"}]},{\"@type\":\"WebSite\",\"@id\":\"https:\/\/www.medina-agadir.com\/#website\",\"url\":\"https:\/\/www.medina-agadir.com\/\",\"name\":\"La Medina d&#039;agadir\",\"description\":\"Un site utilisant WordPress\",\"potentialAction\":[{\"@type\":\"SearchAction\",\"target\":{\"@type\":\"EntryPoint\",\"urlTemplate\":\"https:\/\/www.medina-agadir.com\/?s={search_term_string}\"},\"query-input\":{\"@type\":\"PropertyValueSpecification\",\"valueRequired\":true,\"valueName\":\"search_term_string\"}}],\"inLanguage\":\"en-US\"}]}<\/script>\n<!-- \/ Yoast SEO plugin. -->","yoast_head_json":{"title":"Legal mentions - La Medina d&#039;agadir","robots":{"index":"index","follow":"follow","max-snippet":"max-snippet:-1","max-image-preview":"max-image-preview:large","max-video-preview":"max-video-preview:-1"},"canonical":"https:\/\/www.medina-agadir.com\/en\/legal-mentions\/","og_locale":"en_US","og_type":"article","og_title":"Legal mentions - La Medina d&#039;agadir","og_description":"la M\u00e9dina se d\u00e9ploie \u00e0 l\u2019int\u00e9rieur de remparts ocre, en m\u00e9andres impressionnants de ruelles, terrasses, cours int\u00e9rieures et escaliers d\u00e9rob\u00e9s, coursives et galeries.","og_url":"https:\/\/www.medina-agadir.com\/en\/legal-mentions\/","og_site_name":"La Medina d&#039;agadir","article_modified_time":"2023-12-13T14:29:49+00:00","og_image":[{"width":2560,"height":1707,"url":"https:\/\/www.medina-agadir.com\/wp-content\/uploads\/2023\/03\/DSC04729-scaled.jpg","type":"image\/jpeg"}],"twitter_card":"summary_large_image","twitter_misc":{"Est. reading time":"4 minutes"},"schema":{"@context":"https:\/\/schema.org","@graph":[{"@type":"WebPage","@id":"https:\/\/www.medina-agadir.com\/en\/legal-mentions\/","url":"https:\/\/www.medina-agadir.com\/en\/legal-mentions\/","name":"Legal mentions - La Medina d&#039;agadir","isPartOf":{"@id":"https:\/\/www.medina-agadir.com\/#website"},"primaryImageOfPage":{"@id":"https:\/\/www.medina-agadir.com\/en\/legal-mentions\/#primaryimage"},"image":{"@id":"https:\/\/www.medina-agadir.com\/en\/legal-mentions\/#primaryimage"},"thumbnailUrl":"https:\/\/www.medina-agadir.com\/wp-content\/uploads\/2023\/03\/DSC04729-scaled.jpg","datePublished":"2023-02-20T11:47:37+00:00","dateModified":"2023-12-13T14:29:49+00:00","breadcrumb":{"@id":"https:\/\/www.medina-agadir.com\/en\/legal-mentions\/#breadcrumb"},"inLanguage":"en-US","potentialAction":[{"@type":"ReadAction","target":["https:\/\/www.medina-agadir.com\/en\/legal-mentions\/"]}]},{"@type":"ImageObject","inLanguage":"en-US","@id":"https:\/\/www.medina-agadir.com\/en\/legal-mentions\/#primaryimage","url":"https:\/\/www.medina-agadir.com\/wp-content\/uploads\/2023\/03\/DSC04729-scaled.jpg","contentUrl":"https:\/\/www.medina-agadir.com\/wp-content\/uploads\/2023\/03\/DSC04729-scaled.jpg","width":2560,"height":1707},{"@type":"BreadcrumbList","@id":"https:\/\/www.medina-agadir.com\/en\/legal-mentions\/#breadcrumb","itemListElement":[{"@type":"ListItem","position":1,"name":"Home","item":"https:\/\/www.medina-agadir.com\/en\/"},{"@type":"ListItem","position":2,"name":"Legal mentions"}]},{"@type":"WebSite","@id":"https:\/\/www.medina-agadir.com\/#website","url":"https:\/\/www.medina-agadir.com\/","name":"La Medina d&#039;agadir","description":"Un site utilisant WordPress","potentialAction":[{"@type":"SearchAction","target":{"@type":"EntryPoint","urlTemplate":"https:\/\/www.medina-agadir.com\/?s={search_term_string}"},"query-input":{"@type":"PropertyValueSpecification","valueRequired":true,"valueName":"search_term_string"}}],"inLanguage":"en-US"}]}},"_links":{"self":[{"href":"https:\/\/www.medina-agadir.com\/en\/wp-json\/wp\/v2\/pages\/3302","targetHints":{"allow":["GET"]}}],"collection":[{"href":"https:\/\/www.medina-agadir.com\/en\/wp-json\/wp\/v2\/pages"}],"about":[{"href":"https:\/\/www.medina-agadir.com\/en\/wp-json\/wp\/v2\/types\/page"}],"author":[{"embeddable":true,"href":"https:\/\/www.medina-agadir.com\/en\/wp-json\/wp\/v2\/users\/1"}],"replies":[{"embeddable":true,"href":"https:\/\/www.medina-agadir.com\/en\/wp-json\/wp\/v2\/comments?post=3302"}],"version-history":[{"count":3,"href":"https:\/\/www.medina-agadir.com\/en\/wp-json\/wp\/v2\/pages\/3302\/revisions"}],"predecessor-version":[{"id":3310,"href":"https:\/\/www.medina-agadir.com\/en\/wp-json\/wp\/v2\/pages\/3302\/revisions\/3310"}],"wp:featuredmedia":[{"embeddable":true,"href":"https:\/\/www.medina-agadir.com\/en\/wp-json\/wp\/v2\/media\/2198"}],"wp:attachment":[{"href":"https:\/\/www.medina-agadir.com\/en\/wp-json\/wp\/v2\/media?parent=3302"}],"curies":[{"name":"wp","href":"https:\/\/api.w.org\/{rel}","templated":true}]}}