{"id":3248,"date":"2023-11-08T18:04:27","date_gmt":"2023-11-08T17:04:27","guid":{"rendered":"https:\/\/medina-agadir.com\/la-medina-dagadir-atout-culturel-dagadir-et-sa-region\/"},"modified":"2023-12-15T11:44:32","modified_gmt":"2023-12-15T10:44:32","slug":"la-medina-agadir-a-cultural-asset-for-agadir-and-its-region","status":"publish","type":"page","link":"https:\/\/www.medina-agadir.com\/en\/la-medina-agadir-a-cultural-asset-for-agadir-and-its-region\/","title":{"rendered":"La M\u00e9dina d&#8217;Agadir, a cultural asset for Agadir and its region"},"content":{"rendered":"[et_pb_section fb_built=&#8221;1&#8243; _builder_version=&#8221;4.18.0&#8243; _module_preset=&#8221;default&#8221; global_colors_info=&#8221;{}&#8221;][et_pb_row column_structure=&#8221;1_2,1_2&#8243; _builder_version=&#8221;4.18.0&#8243; _module_preset=&#8221;default&#8221; min_height=&#8221;410.8px&#8221; custom_margin=&#8221;||-51px||false|false&#8221; custom_padding=&#8221;20px||0px||false|false&#8221; locked=&#8221;off&#8221; global_colors_info=&#8221;{}&#8221;][et_pb_column type=&#8221;1_2&#8243; _builder_version=&#8221;4.18.0&#8243; _module_preset=&#8221;default&#8221; global_colors_info=&#8221;{}&#8221;][et_pb_text _builder_version=&#8221;4.18.0&#8243; _module_preset=&#8221;default&#8221; custom_margin=&#8221;||-49px|||&#8221; custom_padding=&#8221;||1px|||&#8221; custom_css_main_element=&#8221;padding:0&#8243; saved_tabs=&#8221;all&#8221; locked=&#8221;off&#8221; global_colors_info=&#8221;{}&#8221;][\/et_pb_text][et_pb_text _builder_version=&#8221;4.18.0&#8243; _module_preset=&#8221;default&#8221; custom_margin=&#8221;21px||||false|false&#8221; global_colors_info=&#8221;{}&#8221;]<div class=\"title-label\">\n<h2 class=\"title\">The SDR Tourisme Souss Massa<\/h2>\n<\/div>[\/et_pb_text][et_pb_text _builder_version=&#8221;4.18.0&#8243; _module_preset=&#8221;default&#8221; global_colors_info=&#8221;{}&#8221;]<p style=\"text-align: justify;\">The Soci\u00e9t\u00e9 de D\u00e9veloppement R\u00e9gional du Tourisme (SDRT) Souss-Massa came into being on 27 December 2018 in the form of a public limited company under private law in accordance with Organic Law No. 111-14 for the Regions. Its share and public capital has risen from 4 MDH at the time of its creation to 21.5 MDH at present, following the acquisition of the Tourist and Cultural Complex &#8220;La M\u00e9dina d&#8217;Agadir&#8221; at the end of 2019.<\/p>\n<p style=\"text-align: justify;\">The majority of SDRT Souss-Massa&#8217;s capital is held by the Souss-Massa Regional Council.<\/p>[\/et_pb_text][\/et_pb_column][et_pb_column type=&#8221;1_2&#8243; _builder_version=&#8221;4.18.0&#8243; _module_preset=&#8221;default&#8221; global_colors_info=&#8221;{}&#8221;][et_pb_image src=&#8221;https:\/\/medina-agadir.com\/wp-content\/uploads\/2023\/11\/logo-finale-SDR-PNG.png&#8221; title_text=&#8221;logo-finale-SDR-PNG&#8221; _builder_version=&#8221;4.18.0&#8243; _module_preset=&#8221;default&#8221; custom_margin=&#8221;||-0.1%||false|false&#8221; global_colors_info=&#8221;{}&#8221;][\/et_pb_image][\/et_pb_column][\/et_pb_row][\/et_pb_section][et_pb_section fb_built=&#8221;1&#8243; _builder_version=&#8221;4.18.0&#8243; _module_preset=&#8221;default&#8221; background_color=&#8221;#ffffff&#8221; global_colors_info=&#8221;{}&#8221;][et_pb_row _builder_version=&#8221;4.18.0&#8243; _module_preset=&#8221;default&#8221; custom_margin=&#8221;||-49px||false|false&#8221; global_colors_info=&#8221;{}&#8221;][et_pb_column type=&#8221;4_4&#8243; _builder_version=&#8221;4.18.0&#8243; _module_preset=&#8221;default&#8221; global_colors_info=&#8221;{}&#8221;][et_pb_text _builder_version=&#8221;4.18.0&#8243; _module_preset=&#8221;default&#8221; custom_margin=&#8221;21px||||false|false&#8221; locked=&#8221;off&#8221; global_colors_info=&#8221;{}&#8221;]<div class=\"title-label\">\n<h2 class=\"title\">Other website of the SDR Tourisme Souss Massa<\/h2>\n<\/div>[\/et_pb_text][\/et_pb_column][\/et_pb_row][et_pb_row column_structure=&#8221;1_3,1_3,1_3&#8243; _builder_version=&#8221;4.18.0&#8243; _module_preset=&#8221;default&#8221; global_colors_info=&#8221;{}&#8221;][et_pb_column type=&#8221;1_3&#8243; _builder_version=&#8221;4.18.0&#8243; _module_preset=&#8221;default&#8221; global_colors_info=&#8221;{}&#8221;][et_pb_text _builder_version=&#8221;4.18.0&#8243; _module_preset=&#8221;default&#8221; global_colors_info=&#8221;{}&#8221;]<h2 class=\"title\">Website of the SSDR Tourisme Souss Massa<\/h2>[\/et_pb_text][et_pb_image src=&#8221;https:\/\/medina-agadir.com\/wp-content\/uploads\/2023\/11\/Screenshot-2023-11-10-at-16.58.29.png&#8221; title_text=&#8221;Screenshot 2023-11-10 at 16.58.29&#8243; url=&#8221;https:\/\/sdrtourisme-sm.ma\/&#8221; url_new_window=&#8221;on&#8221; _builder_version=&#8221;4.18.0&#8243; _module_preset=&#8221;default&#8221; global_colors_info=&#8221;{}&#8221;][\/et_pb_image][\/et_pb_column][et_pb_column type=&#8221;1_3&#8243; _builder_version=&#8221;4.18.0&#8243; _module_preset=&#8221;default&#8221; global_colors_info=&#8221;{}&#8221;][et_pb_text _builder_version=&#8221;4.18.0&#8243; _module_preset=&#8221;default&#8221; global_colors_info=&#8221;{}&#8221;]<h2 class=\"title\">Promotional website for the Souss Massa region<\/h2>[\/et_pb_text][et_pb_image src=&#8221;https:\/\/medina-agadir.com\/wp-content\/uploads\/2023\/11\/Screenshot-2023-11-10-at-17.11.20.png&#8221; title_text=&#8221;Screenshot 2023-11-10 at 17.11.20&#8243; url=&#8221;https:\/\/explore-agadirsoussmassa.com\/&#8221; url_new_window=&#8221;on&#8221; _builder_version=&#8221;4.18.0&#8243; _module_preset=&#8221;default&#8221; global_colors_info=&#8221;{}&#8221;][\/et_pb_image][\/et_pb_column][et_pb_column type=&#8221;1_3&#8243; _builder_version=&#8221;4.18.0&#8243; _module_preset=&#8221;default&#8221; global_colors_info=&#8221;{}&#8221;][et_pb_text _builder_version=&#8221;4.18.0&#8243; _module_preset=&#8221;default&#8221; hover_enabled=&#8221;0&#8243; global_colors_info=&#8221;{}&#8221; sticky_enabled=&#8221;0&#8243; min_height=&#8221;73.5px&#8221;]<h2 class=\"title\">Kasbah of Agadir Oufella website\u00a0<\/h2>\n<p>&nbsp;<\/p>[\/et_pb_text][et_pb_image src=&#8221;https:\/\/medina-agadir.com\/wp-content\/uploads\/2023\/11\/Screenshot-2023-11-10-at-17.12.20.png&#8221; title_text=&#8221;Screenshot 2023-11-10 at 17.12.20&#8243; url=&#8221;https:\/\/www.agadir-oufella.ma\/&#8221; url_new_window=&#8221;on&#8221; _builder_version=&#8221;4.18.0&#8243; _module_preset=&#8221;default&#8221; global_colors_info=&#8221;{}&#8221;][\/et_pb_image][\/et_pb_column][\/et_pb_row][\/et_pb_section]","protected":false},"excerpt":{"rendered":"<p>The SDR Tourisme Souss Massa The Soci\u00e9t\u00e9 de D\u00e9veloppement R\u00e9gional du Tourisme (SDRT) Souss-Massa came into being on 27 December 2018 in the form of a public limited company under private law in accordance with Organic Law No. 111-14 for the Regions. Its share and public capital has risen from 4 MDH at the time [&hellip;]<\/p>\n","protected":false},"author":1,"featured_media":2324,"parent":0,"menu_order":0,"comment_status":"closed","ping_status":"closed","template":"","meta":{"_et_pb_use_builder":"on","_et_pb_old_content":"","_et_gb_content_width":"","footnotes":""},"class_list":["post-3248","page","type-page","status-publish","has-post-thumbnail","hentry"],"acf":[],"yoast_head":"<!-- This site is optimized with the Yoast SEO plugin v25.0 - https:\/\/yoast.com\/wordpress\/plugins\/seo\/ -->\n<title>La M\u00e9dina d&#039;Agadir, a cultural asset for Agadir and its region - La Medina d&#039;agadir<\/title>\n<meta name=\"description\" content=\"Today, La M\u00e9dina d&#039;Agadir is an essential cultural asset for Agadir and its region.\" \/>\n<meta name=\"robots\" content=\"index, follow, max-snippet:-1, max-image-preview:large, max-video-preview:-1\" \/>\n<link rel=\"canonical\" href=\"https:\/\/www.medina-agadir.com\/en\/la-medina-agadir-a-cultural-asset-for-agadir-and-its-region\/\" \/>\n<meta property=\"og:locale\" content=\"en_US\" \/>\n<meta property=\"og:type\" content=\"article\" \/>\n<meta property=\"og:title\" content=\"La M\u00e9dina d&#039;Agadir, a cultural asset for Agadir and its region - La Medina d&#039;agadir\" \/>\n<meta property=\"og:description\" content=\"Today, La M\u00e9dina d&#039;Agadir is an essential cultural asset for Agadir and its region.\" \/>\n<meta property=\"og:url\" content=\"https:\/\/www.medina-agadir.com\/en\/la-medina-agadir-a-cultural-asset-for-agadir-and-its-region\/\" \/>\n<meta property=\"og:site_name\" content=\"La Medina d&#039;agadir\" \/>\n<meta property=\"article:modified_time\" content=\"2023-12-15T10:44:32+00:00\" \/>\n<meta property=\"og:image\" content=\"https:\/\/www.medina-agadir.com\/wp-content\/uploads\/2023\/03\/DSC04722-scaled.jpg\" \/>\n\t<meta property=\"og:image:width\" content=\"2560\" \/>\n\t<meta property=\"og:image:height\" content=\"1707\" \/>\n\t<meta property=\"og:image:type\" content=\"image\/jpeg\" \/>\n<meta name=\"twitter:card\" content=\"summary_large_image\" \/>\n<meta name=\"twitter:label1\" content=\"Est. reading time\" \/>\n\t<meta name=\"twitter:data1\" content=\"2 minutes\" \/>\n<script type=\"application\/ld+json\" class=\"yoast-schema-graph\">{\"@context\":\"https:\/\/schema.org\",\"@graph\":[{\"@type\":\"WebPage\",\"@id\":\"https:\/\/www.medina-agadir.com\/en\/la-medina-agadir-a-cultural-asset-for-agadir-and-its-region\/\",\"url\":\"https:\/\/www.medina-agadir.com\/en\/la-medina-agadir-a-cultural-asset-for-agadir-and-its-region\/\",\"name\":\"La M\u00e9dina d'Agadir, a cultural asset for Agadir and its region - La Medina d&#039;agadir\",\"isPartOf\":{\"@id\":\"https:\/\/www.medina-agadir.com\/#website\"},\"primaryImageOfPage\":{\"@id\":\"https:\/\/www.medina-agadir.com\/en\/la-medina-agadir-a-cultural-asset-for-agadir-and-its-region\/#primaryimage\"},\"image\":{\"@id\":\"https:\/\/www.medina-agadir.com\/en\/la-medina-agadir-a-cultural-asset-for-agadir-and-its-region\/#primaryimage\"},\"thumbnailUrl\":\"https:\/\/www.medina-agadir.com\/wp-content\/uploads\/2023\/03\/DSC04722-scaled.jpg\",\"datePublished\":\"2023-11-08T17:04:27+00:00\",\"dateModified\":\"2023-12-15T10:44:32+00:00\",\"description\":\"Today, La M\u00e9dina d'Agadir is an essential cultural asset for Agadir and its region.\",\"breadcrumb\":{\"@id\":\"https:\/\/www.medina-agadir.com\/en\/la-medina-agadir-a-cultural-asset-for-agadir-and-its-region\/#breadcrumb\"},\"inLanguage\":\"en-US\",\"potentialAction\":[{\"@type\":\"ReadAction\",\"target\":[\"https:\/\/www.medina-agadir.com\/en\/la-medina-agadir-a-cultural-asset-for-agadir-and-its-region\/\"]}]},{\"@type\":\"ImageObject\",\"inLanguage\":\"en-US\",\"@id\":\"https:\/\/www.medina-agadir.com\/en\/la-medina-agadir-a-cultural-asset-for-agadir-and-its-region\/#primaryimage\",\"url\":\"https:\/\/www.medina-agadir.com\/wp-content\/uploads\/2023\/03\/DSC04722-scaled.jpg\",\"contentUrl\":\"https:\/\/www.medina-agadir.com\/wp-content\/uploads\/2023\/03\/DSC04722-scaled.jpg\",\"width\":2560,\"height\":1707},{\"@type\":\"BreadcrumbList\",\"@id\":\"https:\/\/www.medina-agadir.com\/en\/la-medina-agadir-a-cultural-asset-for-agadir-and-its-region\/#breadcrumb\",\"itemListElement\":[{\"@type\":\"ListItem\",\"position\":1,\"name\":\"Home\",\"item\":\"https:\/\/www.medina-agadir.com\/en\/\"},{\"@type\":\"ListItem\",\"position\":2,\"name\":\"La M\u00e9dina d&#8217;Agadir, a cultural asset for Agadir and its region\"}]},{\"@type\":\"WebSite\",\"@id\":\"https:\/\/www.medina-agadir.com\/#website\",\"url\":\"https:\/\/www.medina-agadir.com\/\",\"name\":\"La Medina d&#039;agadir\",\"description\":\"Un site utilisant WordPress\",\"potentialAction\":[{\"@type\":\"SearchAction\",\"target\":{\"@type\":\"EntryPoint\",\"urlTemplate\":\"https:\/\/www.medina-agadir.com\/?s={search_term_string}\"},\"query-input\":{\"@type\":\"PropertyValueSpecification\",\"valueRequired\":true,\"valueName\":\"search_term_string\"}}],\"inLanguage\":\"en-US\"}]}<\/script>\n<!-- \/ Yoast SEO plugin. -->","yoast_head_json":{"title":"La M\u00e9dina d'Agadir, a cultural asset for Agadir and its region - La Medina d&#039;agadir","description":"Today, La M\u00e9dina d'Agadir is an essential cultural asset for Agadir and its region.","robots":{"index":"index","follow":"follow","max-snippet":"max-snippet:-1","max-image-preview":"max-image-preview:large","max-video-preview":"max-video-preview:-1"},"canonical":"https:\/\/www.medina-agadir.com\/en\/la-medina-agadir-a-cultural-asset-for-agadir-and-its-region\/","og_locale":"en_US","og_type":"article","og_title":"La M\u00e9dina d'Agadir, a cultural asset for Agadir and its region - La Medina d&#039;agadir","og_description":"Today, La M\u00e9dina d'Agadir is an essential cultural asset for Agadir and its region.","og_url":"https:\/\/www.medina-agadir.com\/en\/la-medina-agadir-a-cultural-asset-for-agadir-and-its-region\/","og_site_name":"La Medina d&#039;agadir","article_modified_time":"2023-12-15T10:44:32+00:00","og_image":[{"width":2560,"height":1707,"url":"https:\/\/www.medina-agadir.com\/wp-content\/uploads\/2023\/03\/DSC04722-scaled.jpg","type":"image\/jpeg"}],"twitter_card":"summary_large_image","twitter_misc":{"Est. reading time":"2 minutes"},"schema":{"@context":"https:\/\/schema.org","@graph":[{"@type":"WebPage","@id":"https:\/\/www.medina-agadir.com\/en\/la-medina-agadir-a-cultural-asset-for-agadir-and-its-region\/","url":"https:\/\/www.medina-agadir.com\/en\/la-medina-agadir-a-cultural-asset-for-agadir-and-its-region\/","name":"La M\u00e9dina d'Agadir, a cultural asset for Agadir and its region - La Medina d&#039;agadir","isPartOf":{"@id":"https:\/\/www.medina-agadir.com\/#website"},"primaryImageOfPage":{"@id":"https:\/\/www.medina-agadir.com\/en\/la-medina-agadir-a-cultural-asset-for-agadir-and-its-region\/#primaryimage"},"image":{"@id":"https:\/\/www.medina-agadir.com\/en\/la-medina-agadir-a-cultural-asset-for-agadir-and-its-region\/#primaryimage"},"thumbnailUrl":"https:\/\/www.medina-agadir.com\/wp-content\/uploads\/2023\/03\/DSC04722-scaled.jpg","datePublished":"2023-11-08T17:04:27+00:00","dateModified":"2023-12-15T10:44:32+00:00","description":"Today, La M\u00e9dina d'Agadir is an essential cultural asset for Agadir and its region.","breadcrumb":{"@id":"https:\/\/www.medina-agadir.com\/en\/la-medina-agadir-a-cultural-asset-for-agadir-and-its-region\/#breadcrumb"},"inLanguage":"en-US","potentialAction":[{"@type":"ReadAction","target":["https:\/\/www.medina-agadir.com\/en\/la-medina-agadir-a-cultural-asset-for-agadir-and-its-region\/"]}]},{"@type":"ImageObject","inLanguage":"en-US","@id":"https:\/\/www.medina-agadir.com\/en\/la-medina-agadir-a-cultural-asset-for-agadir-and-its-region\/#primaryimage","url":"https:\/\/www.medina-agadir.com\/wp-content\/uploads\/2023\/03\/DSC04722-scaled.jpg","contentUrl":"https:\/\/www.medina-agadir.com\/wp-content\/uploads\/2023\/03\/DSC04722-scaled.jpg","width":2560,"height":1707},{"@type":"BreadcrumbList","@id":"https:\/\/www.medina-agadir.com\/en\/la-medina-agadir-a-cultural-asset-for-agadir-and-its-region\/#breadcrumb","itemListElement":[{"@type":"ListItem","position":1,"name":"Home","item":"https:\/\/www.medina-agadir.com\/en\/"},{"@type":"ListItem","position":2,"name":"La M\u00e9dina d&#8217;Agadir, a cultural asset for Agadir and its region"}]},{"@type":"WebSite","@id":"https:\/\/www.medina-agadir.com\/#website","url":"https:\/\/www.medina-agadir.com\/","name":"La Medina d&#039;agadir","description":"Un site utilisant WordPress","potentialAction":[{"@type":"SearchAction","target":{"@type":"EntryPoint","urlTemplate":"https:\/\/www.medina-agadir.com\/?s={search_term_string}"},"query-input":{"@type":"PropertyValueSpecification","valueRequired":true,"valueName":"search_term_string"}}],"inLanguage":"en-US"}]}},"_links":{"self":[{"href":"https:\/\/www.medina-agadir.com\/en\/wp-json\/wp\/v2\/pages\/3248","targetHints":{"allow":["GET"]}}],"collection":[{"href":"https:\/\/www.medina-agadir.com\/en\/wp-json\/wp\/v2\/pages"}],"about":[{"href":"https:\/\/www.medina-agadir.com\/en\/wp-json\/wp\/v2\/types\/page"}],"author":[{"embeddable":true,"href":"https:\/\/www.medina-agadir.com\/en\/wp-json\/wp\/v2\/users\/1"}],"replies":[{"embeddable":true,"href":"https:\/\/www.medina-agadir.com\/en\/wp-json\/wp\/v2\/comments?post=3248"}],"version-history":[{"count":3,"href":"https:\/\/www.medina-agadir.com\/en\/wp-json\/wp\/v2\/pages\/3248\/revisions"}],"predecessor-version":[{"id":3255,"href":"https:\/\/www.medina-agadir.com\/en\/wp-json\/wp\/v2\/pages\/3248\/revisions\/3255"}],"wp:featuredmedia":[{"embeddable":true,"href":"https:\/\/www.medina-agadir.com\/en\/wp-json\/wp\/v2\/media\/2324"}],"wp:attachment":[{"href":"https:\/\/www.medina-agadir.com\/en\/wp-json\/wp\/v2\/media?parent=3248"}],"curies":[{"name":"wp","href":"https:\/\/api.w.org\/{rel}","templated":true}]}}