{"id":2573,"date":"2023-02-15T12:06:28","date_gmt":"2023-02-15T11:06:28","guid":{"rendered":"https:\/\/lamedina.digitz.dev\/restauration\/"},"modified":"2023-12-15T11:45:45","modified_gmt":"2023-12-15T10:45:45","slug":"la-medina-agadir-restaurant","status":"publish","type":"page","link":"https:\/\/www.medina-agadir.com\/en\/la-medina-agadir-restaurant\/","title":{"rendered":"Restaurant"},"content":{"rendered":"[et_pb_section fb_built=&#8221;1&#8243; _builder_version=&#8221;4.18.0&#8243; _module_preset=&#8221;default&#8221; background_color=&#8221;rgba(255,255,255,0)&#8221; custom_margin=&#8221;0px||-1px||false|false&#8221; custom_padding=&#8221;1px||0px||false|false&#8221; animation_style=&#8221;fade&#8221; saved_tabs=&#8221;all&#8221; locked=&#8221;off&#8221; global_colors_info=&#8221;{}&#8221;][et_pb_row _builder_version=&#8221;4.18.0&#8243; _module_preset=&#8221;default&#8221; global_colors_info=&#8221;{}&#8221;][et_pb_column type=&#8221;4_4&#8243; _builder_version=&#8221;4.18.0&#8243; _module_preset=&#8221;default&#8221; global_colors_info=&#8221;{}&#8221;][et_pb_text _builder_version=&#8221;4.18.0&#8243; _module_preset=&#8221;default&#8221; custom_padding=&#8221;||0px||false|false&#8221; global_colors_info=&#8221;{}&#8221;]<div class=\"title-label\">\n<h2 class=\"title\">Restaurants celebrating Moroccan gastronomy<\/h2>\n<\/div>\n<div class=\"title-label\" style=\"text-align: justify;\">Explore authentic traditional Moroccan cuisine, prepared with fresh local ingredients. Taste local delicacies, savour subtle blends of spices and herbs, and immerse yourself in the harmony of sweet and savoury, all in a warm and fun atmosphere.<\/div>[\/et_pb_text][\/et_pb_column][\/et_pb_row][\/et_pb_section][et_pb_section fb_built=&#8221;1&#8243; admin_label=&#8221;Call to Action&#8221; module_id=&#8221;restauration-image-texte&#8221; module_class=&#8221;restauration-image-texte&#8221; _builder_version=&#8221;4.18.0&#8243; _module_preset=&#8221;default&#8221; background_image=&#8221;https:\/\/medina-agadir.com\/wp-content\/uploads\/2023\/11\/2AO5207-scaled.jpg&#8221; parallax=&#8221;on&#8221; background_pattern_repeat_origin=&#8221;bottom_center&#8221; background_pattern_vertical_offset=&#8221;-16%&#8221; background_pattern_repeat=&#8221;repeat-x&#8221; custom_margin=&#8221;|||-1px||&#8221; custom_padding=&#8221;0px||0px||true|false&#8221; locked=&#8221;off&#8221; collapsed=&#8221;on&#8221; global_colors_info=&#8221;{}&#8221;][et_pb_row column_structure=&#8221;2_5,3_5&#8243; use_custom_gutter=&#8221;on&#8221; make_equal=&#8221;on&#8221; _builder_version=&#8221;4.19.2&#8243; _module_preset=&#8221;default&#8221; custom_padding=&#8221;0px||0px||true|false&#8221; box_shadow_style=&#8221;preset4&#8243; box_shadow_horizontal=&#8221;-30vw&#8221; box_shadow_vertical=&#8221;0px&#8221; box_shadow_color=&#8221;rgba(58,37,25,0.9)&#8221; global_colors_info=&#8221;{}&#8221;][et_pb_column type=&#8221;2_5&#8243; _builder_version=&#8221;4.19.2&#8243; _module_preset=&#8221;default&#8221; background_color=&#8221;rgba(58,37,25,0.9)&#8221; background_pattern_repeat_origin=&#8221;bottom_left&#8221; background_pattern_vertical_offset=&#8221;-112px&#8221; background_pattern_repeat=&#8221;repeat-x&#8221; custom_padding=&#8221;18%|40px|18%||true|false&#8221; custom_padding_tablet=&#8221;||120px||false|true&#8221; custom_padding_phone=&#8221;||||false|true&#8221; custom_padding_last_edited=&#8221;on|tablet&#8221; global_colors_info=&#8221;{%22gcid-fa957022-7f68-4c63-9382-2437a00591d9%22:%91%22background_pattern_color%22%93}&#8221;][et_pb_text content_tablet=&#8221;<p style=%22text-align: justify;%22>Une terrasse d\u00e9contract\u00e9e dans un cadre de charme, un parc de jeux, un lieu de partage \u00e0 toute heure.<br \/>A La Terrasse, au Petit Riad ou m\u00eame au Caf\u00e9 Maure nos chefs vous concoctent les plats phares de la cuisine marocaine en utilisant principalement les produits locaux et les produits du terroir.<\/p>&#8221; content_phone=&#8221;<p style=%22text-align: center;%22>Une terrasse d\u00e9contract\u00e9e dans un cadre de charme, un parc de jeux, un lieu de partage \u00e0 toute heure.<br \/>A La Terrasse, au Petit Riad ou m\u00eame au Caf\u00e9 Maure nos chefs vous concoctent les plats phares de la cuisine marocaine en utilisant principalement les produits locaux et les produits du terroir.<\/p>&#8221; content_last_edited=&#8221;on|phone&#8221; _builder_version=&#8221;4.18.0&#8243; _module_preset=&#8221;1c6a3131-7c8c-4786-8eaf-de5bbcd72335&#8243; text_text_color=&#8221;#FFFFFF&#8221; custom_margin=&#8221;||30px||false|false&#8221; global_colors_info=&#8221;{}&#8221;]<p style=\"text-align: justify;\">A relaxed terrace in a charming setting, a playground, a place for sharing at all hours.<br \/>On the terrace, at Le Petit Riad or even at le Caf\u00e9 Maure, our chefs concoct the signature dishes of Moroccan cuisine, using mainly local produce.<\/p>[\/et_pb_text][\/et_pb_column][et_pb_column type=&#8221;3_5&#8243; _builder_version=&#8221;4.19.2&#8243; _module_preset=&#8221;default&#8221; global_colors_info=&#8221;{}&#8221;][et_pb_divider show_divider=&#8221;off&#8221; _builder_version=&#8221;4.19.2&#8243; _module_preset=&#8221;default&#8221; height_tablet=&#8221;60vw&#8221; height_phone=&#8221;60vw&#8221; height_last_edited=&#8221;on|desktop&#8221; locked=&#8221;off&#8221; global_colors_info=&#8221;{}&#8221;][\/et_pb_divider][\/et_pb_column][\/et_pb_row][\/et_pb_section][et_pb_section fb_built=&#8221;1&#8243; admin_label=&#8221;Menu&#8221; _builder_version=&#8221;4.18.0&#8243; _module_preset=&#8221;default&#8221; custom_margin=&#8221;||-47px||false|false&#8221; saved_tabs=&#8221;all&#8221; collapsed=&#8221;on&#8221; global_colors_info=&#8221;{}&#8221;][et_pb_row _builder_version=&#8221;4.19.2&#8243; _module_preset=&#8221;default&#8221; global_colors_info=&#8221;{}&#8221;][et_pb_column type=&#8221;4_4&#8243; _builder_version=&#8221;4.19.2&#8243; _module_preset=&#8221;default&#8221; global_colors_info=&#8221;{}&#8221;][et_pb_text _builder_version=&#8221;4.18.0&#8243; _module_preset=&#8221;e41eaab7-3247-42dd-a9e9-976f3c446828&#8243; text_orientation=&#8221;center&#8221; hover_enabled=&#8221;0&#8243; text_orientation_tablet=&#8221;left&#8221; text_orientation_phone=&#8221;&#8221; text_orientation_last_edited=&#8221;on|tablet&#8221; global_colors_info=&#8221;{}&#8221; sticky_enabled=&#8221;0&#8243;]<h2 style=\"text-align: center;\">Our spaces<\/h2>[\/et_pb_text][\/et_pb_column][\/et_pb_row][et_pb_row column_structure=&#8221;1_3,1_3,1_3&#8243; _builder_version=&#8221;4.19.2&#8243; _module_preset=&#8221;default&#8221; global_colors_info=&#8221;{}&#8221;][et_pb_column type=&#8221;1_3&#8243; _builder_version=&#8221;4.19.2&#8243; _module_preset=&#8221;default&#8221; global_colors_info=&#8221;{}&#8221;][et_pb_text _builder_version=&#8221;4.18.0&#8243; _module_preset=&#8221;38e619fa-c752-4cde-ad76-cbf3586cb09e&#8221; custom_margin=&#8221;||13px|||&#8221; global_colors_info=&#8221;{}&#8221;]<h3 style=\"text-align: center;\">Petit Riad<\/h3>[\/et_pb_text][et_pb_image src=&#8221;https:\/\/medina-agadir.com\/wp-content\/uploads\/2023\/11\/DSC09180-1.jpg&#8221; title_text=&#8221;DSC09180&#8243; _builder_version=&#8221;4.18.0&#8243; _module_preset=&#8221;default&#8221; custom_margin=&#8221;3%||3%||true|false&#8221; global_colors_info=&#8221;{}&#8221;][\/et_pb_image][et_pb_text _builder_version=&#8221;4.18.0&#8243; _module_preset=&#8221;6f52b70c-1919-41db-b721-a8fb474331b8&#8243; text_line_height=&#8221;1.7em&#8221; custom_margin=&#8221;||0px||false|false&#8221; global_colors_info=&#8221;{}&#8221;]<p style=\"text-align: justify;\">Welcome to Le Petit Riad, a prestigious traditional restaurant nestling in the heart of La M\u00e9dina Agadir. Whether you&#8217;re looking for a romantic dinner, a family lunch or a place to gather with friends, Le Petit Riad is the perfect place to immerse yourself in Morocco&#8217;s rich culinary culture and enjoy exceptional signature dishes.<\/p>[\/et_pb_text][\/et_pb_column][et_pb_column type=&#8221;1_3&#8243; _builder_version=&#8221;4.19.2&#8243; _module_preset=&#8221;default&#8221; global_colors_info=&#8221;{}&#8221;][et_pb_text _builder_version=&#8221;4.18.0&#8243; _module_preset=&#8221;38e619fa-c752-4cde-ad76-cbf3586cb09e&#8221; custom_margin=&#8221;||17px|||&#8221; hover_enabled=&#8221;0&#8243; global_colors_info=&#8221;{}&#8221; sticky_enabled=&#8221;0&#8243;]<h3 style=\"text-align: center;\">Open-air restaurant<\/h3>[\/et_pb_text][et_pb_image src=&#8221;https:\/\/medina-agadir.com\/wp-content\/uploads\/2023\/11\/DSC04204-1.jpg&#8221; title_text=&#8221;DSC04204&#8243; _builder_version=&#8221;4.18.0&#8243; _module_preset=&#8221;default&#8221; custom_margin=&#8221;3.1%||3.1%||true|false&#8221; global_colors_info=&#8221;{}&#8221;][\/et_pb_image][et_pb_text _builder_version=&#8221;4.18.0&#8243; _module_preset=&#8221;6f52b70c-1919-41db-b721-a8fb474331b8&#8243; text_line_height=&#8221;1.7em&#8221; custom_margin=&#8221;||0px||false|false&#8221; global_colors_info=&#8221;{}&#8221;]<p style=\"text-align: justify;\">A relaxed terrace in a charming setting, where you can enjoy our selection of typical Moroccan dishes, including tajines, couscous, grilled meats and pastillas, in a warm and friendly atmosphere, harmoniously combined with a children&#8217;s play area, where parents can look after their little ones, creating a place for sharing at all hours.<\/p>[\/et_pb_text][\/et_pb_column][et_pb_column type=&#8221;1_3&#8243; _builder_version=&#8221;4.19.2&#8243; _module_preset=&#8221;default&#8221; global_colors_info=&#8221;{}&#8221;][et_pb_text _builder_version=&#8221;4.18.0&#8243; _module_preset=&#8221;38e619fa-c752-4cde-ad76-cbf3586cb09e&#8221; custom_margin=&#8221;||19px|||&#8221; global_colors_info=&#8221;{}&#8221;]<h3 style=\"text-align: center;\">Caf\u00e9 maure<\/h3>[\/et_pb_text][et_pb_image src=&#8221;https:\/\/medina-agadir.com\/wp-content\/uploads\/2023\/11\/DSC04530-1-2.jpg&#8221; title_text=&#8221;DSC04530 (1)&#8221; _builder_version=&#8221;4.18.0&#8243; _module_preset=&#8221;default&#8221; custom_margin=&#8221;2.9%||2.9%||true|false&#8221; global_colors_info=&#8221;{}&#8221;][\/et_pb_image][et_pb_text _builder_version=&#8221;4.18.0&#8243; _module_preset=&#8221;6f52b70c-1919-41db-b721-a8fb474331b8&#8243; text_line_height=&#8221;1.7em&#8221; custom_margin=&#8221;||0px||false|false&#8221; global_colors_info=&#8221;{}&#8221;]<p style=\"text-align: justify;\">Located in the heart of the medina, at the entrance, surrounded by its ochre-coloured walls and impressive architecture, you&#8217;ll have the chance to enjoy a delicate mint tea, accompanied by Moroccan-style cakes. This space perfectly embodies the tradition and authenticity of Moorish caf\u00e9s, while capturing the unique essence of La M\u00e9dina d&#8217;Agadir.<\/p>\n<p>&nbsp;<\/p>[\/et_pb_text][\/et_pb_column][\/et_pb_row][\/et_pb_section][et_pb_section fb_built=&#8221;1&#8243; admin_label=&#8221;Footer&#8221; _builder_version=&#8221;4.18.0&#8243; _module_preset=&#8221;default&#8221; background_image=&#8221;https:\/\/medina-agadir.com\/wp-content\/uploads\/2023\/03\/DSC05007-scaled.jpg&#8221; background_position=&#8221;bottom_right&#8221; background_horizontal_offset=&#8221;5%&#8221; background_vertical_offset=&#8221;22%&#8221; background_pattern_repeat_origin=&#8221;bottom_left&#8221; background_pattern_repeat=&#8221;repeat-x&#8221; custom_padding=&#8221;0px||0px||true|false&#8221; saved_tabs=&#8221;all&#8221; collapsed=&#8221;on&#8221; global_colors_info=&#8221;{}&#8221;][et_pb_row column_structure=&#8221;1_3,1_3,1_3&#8243; custom_padding_last_edited=&#8221;on|tablet&#8221; _builder_version=&#8221;4.19.2&#8243; _module_preset=&#8221;default&#8221; background_color=&#8221;gcid-68c6b9ad-55a2-4756-9f20-a801af585cf6&#8243; min_height=&#8221;198.2px&#8221; custom_margin=&#8221;-60px|auto||auto||&#8221; custom_padding=&#8221;60px|60px|60px|60px|true|true&#8221; custom_padding_tablet=&#8221;30px|30px|30px|30px|true|true&#8221; custom_padding_phone=&#8221;20px|20px|20px|20px|true|true&#8221; global_colors_info=&#8221;{%22gcid-68c6b9ad-55a2-4756-9f20-a801af585cf6%22:%91%22background_color%22%93}&#8221;][et_pb_column type=&#8221;1_3&#8243; _builder_version=&#8221;4.19.2&#8243; _module_preset=&#8221;default&#8221; global_colors_info=&#8221;{}&#8221;][et_pb_text _builder_version=&#8221;4.19.2&#8243; _module_preset=&#8221;6f52b70c-1919-41db-b721-a8fb474331b8&#8243; text_text_color=&#8221;#FFFFFF&#8221; global_colors_info=&#8221;{}&#8221;]<p>For any special requests or personalised bookings, please contact the Agadir Medina reservations department.<\/p>[\/et_pb_text][\/et_pb_column][et_pb_column type=&#8221;1_3&#8243; _builder_version=&#8221;4.19.2&#8243; _module_preset=&#8221;default&#8221; global_colors_info=&#8221;{}&#8221;][et_pb_text _builder_version=&#8221;4.18.0&#8243; _module_preset=&#8221;9da4190b-a8f1-4ad5-b5e9-74a816f146b9&#8243; header_4_text_color=&#8221;gcid-5b291cc9-df1d-4b6e-9bdc-386dacc5279f&#8221; custom_margin=&#8221;||0px||false|false&#8221; hover_enabled=&#8221;0&#8243; global_colors_info=&#8221;{%22gcid-5b291cc9-df1d-4b6e-9bdc-386dacc5279f%22:%91%22header_4_text_color%22%93}&#8221; sticky_enabled=&#8221;0&#8243;]<h4>Opening hours<\/h4>[\/et_pb_text][et_pb_text _builder_version=&#8221;4.18.0&#8243; _module_preset=&#8221;6f52b70c-1919-41db-b721-a8fb474331b8&#8243; text_text_color=&#8221;gcid-fa957022-7f68-4c63-9382-2437a00591d9&#8243; custom_margin=&#8221;||10px||false|false&#8221; hover_enabled=&#8221;0&#8243; global_colors_info=&#8221;{%22gcid-fa957022-7f68-4c63-9382-2437a00591d9%22:%91%22text_text_color%22%93}&#8221; sticky_enabled=&#8221;0&#8243;]<p>Monday &#8211; sunday : 10:00 &#8211; 17:00<\/p>[\/et_pb_text][et_pb_text _builder_version=&#8221;4.18.0&#8243; _module_preset=&#8221;6f52b70c-1919-41db-b721-a8fb474331b8&#8243; text_text_color=&#8221;gcid-fa957022-7f68-4c63-9382-2437a00591d9&#8243; custom_margin=&#8221;||10px||false|false&#8221; hover_enabled=&#8221;0&#8243; global_colors_info=&#8221;{%22gcid-fa957022-7f68-4c63-9382-2437a00591d9%22:%91%22text_text_color%22%93}&#8221; sticky_enabled=&#8221;0&#8243;]<p>Tuesday : closed<\/p>[\/et_pb_text][\/et_pb_column][et_pb_column type=&#8221;1_3&#8243; _builder_version=&#8221;4.19.2&#8243; _module_preset=&#8221;default&#8221; global_colors_info=&#8221;{}&#8221;][et_pb_text _builder_version=&#8221;4.18.0&#8243; _module_preset=&#8221;9da4190b-a8f1-4ad5-b5e9-74a816f146b9&#8243; header_4_text_color=&#8221;gcid-5b291cc9-df1d-4b6e-9bdc-386dacc5279f&#8221; custom_margin=&#8221;||0px||false|false&#8221; hover_enabled=&#8221;0&#8243; locked=&#8221;off&#8221; global_colors_info=&#8221;{%22gcid-5b291cc9-df1d-4b6e-9bdc-386dacc5279f%22:%91%22header_4_text_color%22%93}&#8221; sticky_enabled=&#8221;0&#8243;]<h4>Information and r\u00e9servation<\/h4>[\/et_pb_text][et_pb_text _builder_version=&#8221;4.18.0&#8243; _module_preset=&#8221;6f52b70c-1919-41db-b721-a8fb474331b8&#8243; text_text_color=&#8221;gcid-fa957022-7f68-4c63-9382-2437a00591d9&#8243; custom_margin=&#8221;||10px||false|false&#8221; hover_enabled=&#8221;0&#8243; locked=&#8221;off&#8221; global_colors_info=&#8221;{%22gcid-fa957022-7f68-4c63-9382-2437a00591d9%22:%91%22text_text_color%22%93}&#8221; sticky_enabled=&#8221;0&#8243;]<p>Phone : 06 66 33 88 59<\/p>\n<p>Email : contact@restaurantmedina.com<\/p>[\/et_pb_text][\/et_pb_column][\/et_pb_row][et_pb_row _builder_version=&#8221;4.19.2&#8243; _module_preset=&#8221;default&#8221; min_height=&#8221;110px&#8221; global_colors_info=&#8221;{}&#8221;][et_pb_column type=&#8221;4_4&#8243; _builder_version=&#8221;4.19.2&#8243; _module_preset=&#8221;default&#8221; global_colors_info=&#8221;{}&#8221;][et_pb_social_media_follow icon_color=&#8221;gcid-5b291cc9-df1d-4b6e-9bdc-386dacc5279f&#8221; use_icon_font_size=&#8221;on&#8221; _builder_version=&#8221;4.18.0&#8243; _module_preset=&#8221;default&#8221; text_orientation=&#8221;center&#8221; border_radii=&#8221;on|100px|100px|100px|100px&#8221; global_colors_info=&#8221;{%22gcid-5b291cc9-df1d-4b6e-9bdc-386dacc5279f%22:%91%22icon_color%22%93}&#8221;][et_pb_social_media_follow_network social_network=&#8221;facebook&#8221; url=&#8221;https:\/\/www.facebook.com\/medinadagadir&#8221; _builder_version=&#8221;4.18.0&#8243; _module_preset=&#8221;default&#8221; background_color=&#8221;gcid-68c6b9ad-55a2-4756-9f20-a801af585cf6&#8243; background_enable_color=&#8221;on&#8221; custom_padding=&#8221;4px|4px|4px|4px|true|true&#8221; global_colors_info=&#8221;{%22gcid-68c6b9ad-55a2-4756-9f20-a801af585cf6%22:%91%22background_color%22%93}&#8221; follow_button=&#8221;off&#8221; url_new_window=&#8221;on&#8221;]facebook[\/et_pb_social_media_follow_network][et_pb_social_media_follow_network social_network=&#8221;instagram&#8221; url=&#8221;https:\/\/www.instagram.com\/la_medina_dagadir\/&#8221; _builder_version=&#8221;4.18.0&#8243; _module_preset=&#8221;default&#8221; background_color=&#8221;gcid-68c6b9ad-55a2-4756-9f20-a801af585cf6&#8243; background_enable_color=&#8221;on&#8221; custom_padding=&#8221;4px|4px|4px|4px|true|true&#8221; global_colors_info=&#8221;{%22gcid-68c6b9ad-55a2-4756-9f20-a801af585cf6%22:%91%22background_color%22,%22background_color%22%93}&#8221; follow_button=&#8221;off&#8221; url_new_window=&#8221;on&#8221;]instagram[\/et_pb_social_media_follow_network][\/et_pb_social_media_follow][\/et_pb_column][\/et_pb_row][\/et_pb_section]","protected":false},"excerpt":{"rendered":"<p>la M\u00e9dina se d\u00e9ploie \u00e0<br \/>\nl\u2019int\u00e9rieur de remparts ocre, en m\u00e9andres impressionnants de ruelles, terrasses, cours int\u00e9rieures et<br \/>\nescaliers d\u00e9rob\u00e9s, coursives et galeries.<\/p>\n","protected":false},"author":1,"featured_media":3105,"parent":0,"menu_order":0,"comment_status":"closed","ping_status":"closed","template":"","meta":{"_et_pb_use_builder":"on","_et_pb_old_content":"","_et_gb_content_width":"","footnotes":""},"class_list":["post-2573","page","type-page","status-publish","has-post-thumbnail","hentry"],"acf":[],"yoast_head":"<!-- This site is optimized with the Yoast SEO plugin v25.0 - https:\/\/yoast.com\/wordpress\/plugins\/seo\/ -->\n<title>Restaurant - La Medina d&#039;agadir<\/title>\n<meta name=\"description\" content=\"Explore authentic traditional Moroccan cuisine, prepared with fresh local ingredients. Taste the delights of the land.\" \/>\n<meta name=\"robots\" content=\"index, follow, max-snippet:-1, max-image-preview:large, max-video-preview:-1\" \/>\n<link rel=\"canonical\" href=\"https:\/\/www.medina-agadir.com\/en\/la-medina-agadir-restaurant\/\" \/>\n<meta property=\"og:locale\" content=\"en_US\" \/>\n<meta property=\"og:type\" content=\"article\" \/>\n<meta property=\"og:title\" content=\"Restaurant - La Medina d&#039;agadir\" \/>\n<meta property=\"og:description\" content=\"Explore authentic traditional Moroccan cuisine, prepared with fresh local ingredients. Taste the delights of the land.\" \/>\n<meta property=\"og:url\" content=\"https:\/\/www.medina-agadir.com\/en\/la-medina-agadir-restaurant\/\" \/>\n<meta property=\"og:site_name\" content=\"La Medina d&#039;agadir\" \/>\n<meta property=\"article:modified_time\" content=\"2023-12-15T10:45:45+00:00\" \/>\n<meta property=\"og:image\" content=\"https:\/\/www.medina-agadir.com\/wp-content\/uploads\/2023\/11\/DSC04391-scaled.jpg\" \/>\n\t<meta property=\"og:image:width\" content=\"2560\" \/>\n\t<meta property=\"og:image:height\" content=\"1707\" \/>\n\t<meta property=\"og:image:type\" content=\"image\/jpeg\" \/>\n<meta name=\"twitter:card\" content=\"summary_large_image\" \/>\n<meta name=\"twitter:label1\" content=\"Est. reading time\" \/>\n\t<meta name=\"twitter:data1\" content=\"4 minutes\" \/>\n<script type=\"application\/ld+json\" class=\"yoast-schema-graph\">{\"@context\":\"https:\/\/schema.org\",\"@graph\":[{\"@type\":\"WebPage\",\"@id\":\"https:\/\/www.medina-agadir.com\/en\/la-medina-agadir-restaurant\/\",\"url\":\"https:\/\/www.medina-agadir.com\/en\/la-medina-agadir-restaurant\/\",\"name\":\"Restaurant - La Medina d&#039;agadir\",\"isPartOf\":{\"@id\":\"https:\/\/www.medina-agadir.com\/#website\"},\"primaryImageOfPage\":{\"@id\":\"https:\/\/www.medina-agadir.com\/en\/la-medina-agadir-restaurant\/#primaryimage\"},\"image\":{\"@id\":\"https:\/\/www.medina-agadir.com\/en\/la-medina-agadir-restaurant\/#primaryimage\"},\"thumbnailUrl\":\"https:\/\/www.medina-agadir.com\/wp-content\/uploads\/2023\/11\/DSC04391-scaled.jpg\",\"datePublished\":\"2023-02-15T11:06:28+00:00\",\"dateModified\":\"2023-12-15T10:45:45+00:00\",\"description\":\"Explore authentic traditional Moroccan cuisine, prepared with fresh local ingredients. Taste the delights of the land.\",\"breadcrumb\":{\"@id\":\"https:\/\/www.medina-agadir.com\/en\/la-medina-agadir-restaurant\/#breadcrumb\"},\"inLanguage\":\"en-US\",\"potentialAction\":[{\"@type\":\"ReadAction\",\"target\":[\"https:\/\/www.medina-agadir.com\/en\/la-medina-agadir-restaurant\/\"]}]},{\"@type\":\"ImageObject\",\"inLanguage\":\"en-US\",\"@id\":\"https:\/\/www.medina-agadir.com\/en\/la-medina-agadir-restaurant\/#primaryimage\",\"url\":\"https:\/\/www.medina-agadir.com\/wp-content\/uploads\/2023\/11\/DSC04391-scaled.jpg\",\"contentUrl\":\"https:\/\/www.medina-agadir.com\/wp-content\/uploads\/2023\/11\/DSC04391-scaled.jpg\",\"width\":2560,\"height\":1707},{\"@type\":\"BreadcrumbList\",\"@id\":\"https:\/\/www.medina-agadir.com\/en\/la-medina-agadir-restaurant\/#breadcrumb\",\"itemListElement\":[{\"@type\":\"ListItem\",\"position\":1,\"name\":\"Home\",\"item\":\"https:\/\/www.medina-agadir.com\/en\/\"},{\"@type\":\"ListItem\",\"position\":2,\"name\":\"Restaurant\"}]},{\"@type\":\"WebSite\",\"@id\":\"https:\/\/www.medina-agadir.com\/#website\",\"url\":\"https:\/\/www.medina-agadir.com\/\",\"name\":\"La Medina d&#039;agadir\",\"description\":\"Un site utilisant WordPress\",\"potentialAction\":[{\"@type\":\"SearchAction\",\"target\":{\"@type\":\"EntryPoint\",\"urlTemplate\":\"https:\/\/www.medina-agadir.com\/?s={search_term_string}\"},\"query-input\":{\"@type\":\"PropertyValueSpecification\",\"valueRequired\":true,\"valueName\":\"search_term_string\"}}],\"inLanguage\":\"en-US\"}]}<\/script>\n<!-- \/ Yoast SEO plugin. -->","yoast_head_json":{"title":"Restaurant - La Medina d&#039;agadir","description":"Explore authentic traditional Moroccan cuisine, prepared with fresh local ingredients. Taste the delights of the land.","robots":{"index":"index","follow":"follow","max-snippet":"max-snippet:-1","max-image-preview":"max-image-preview:large","max-video-preview":"max-video-preview:-1"},"canonical":"https:\/\/www.medina-agadir.com\/en\/la-medina-agadir-restaurant\/","og_locale":"en_US","og_type":"article","og_title":"Restaurant - La Medina d&#039;agadir","og_description":"Explore authentic traditional Moroccan cuisine, prepared with fresh local ingredients. Taste the delights of the land.","og_url":"https:\/\/www.medina-agadir.com\/en\/la-medina-agadir-restaurant\/","og_site_name":"La Medina d&#039;agadir","article_modified_time":"2023-12-15T10:45:45+00:00","og_image":[{"width":2560,"height":1707,"url":"https:\/\/www.medina-agadir.com\/wp-content\/uploads\/2023\/11\/DSC04391-scaled.jpg","type":"image\/jpeg"}],"twitter_card":"summary_large_image","twitter_misc":{"Est. reading time":"4 minutes"},"schema":{"@context":"https:\/\/schema.org","@graph":[{"@type":"WebPage","@id":"https:\/\/www.medina-agadir.com\/en\/la-medina-agadir-restaurant\/","url":"https:\/\/www.medina-agadir.com\/en\/la-medina-agadir-restaurant\/","name":"Restaurant - La Medina d&#039;agadir","isPartOf":{"@id":"https:\/\/www.medina-agadir.com\/#website"},"primaryImageOfPage":{"@id":"https:\/\/www.medina-agadir.com\/en\/la-medina-agadir-restaurant\/#primaryimage"},"image":{"@id":"https:\/\/www.medina-agadir.com\/en\/la-medina-agadir-restaurant\/#primaryimage"},"thumbnailUrl":"https:\/\/www.medina-agadir.com\/wp-content\/uploads\/2023\/11\/DSC04391-scaled.jpg","datePublished":"2023-02-15T11:06:28+00:00","dateModified":"2023-12-15T10:45:45+00:00","description":"Explore authentic traditional Moroccan cuisine, prepared with fresh local ingredients. Taste the delights of the land.","breadcrumb":{"@id":"https:\/\/www.medina-agadir.com\/en\/la-medina-agadir-restaurant\/#breadcrumb"},"inLanguage":"en-US","potentialAction":[{"@type":"ReadAction","target":["https:\/\/www.medina-agadir.com\/en\/la-medina-agadir-restaurant\/"]}]},{"@type":"ImageObject","inLanguage":"en-US","@id":"https:\/\/www.medina-agadir.com\/en\/la-medina-agadir-restaurant\/#primaryimage","url":"https:\/\/www.medina-agadir.com\/wp-content\/uploads\/2023\/11\/DSC04391-scaled.jpg","contentUrl":"https:\/\/www.medina-agadir.com\/wp-content\/uploads\/2023\/11\/DSC04391-scaled.jpg","width":2560,"height":1707},{"@type":"BreadcrumbList","@id":"https:\/\/www.medina-agadir.com\/en\/la-medina-agadir-restaurant\/#breadcrumb","itemListElement":[{"@type":"ListItem","position":1,"name":"Home","item":"https:\/\/www.medina-agadir.com\/en\/"},{"@type":"ListItem","position":2,"name":"Restaurant"}]},{"@type":"WebSite","@id":"https:\/\/www.medina-agadir.com\/#website","url":"https:\/\/www.medina-agadir.com\/","name":"La Medina d&#039;agadir","description":"Un site utilisant WordPress","potentialAction":[{"@type":"SearchAction","target":{"@type":"EntryPoint","urlTemplate":"https:\/\/www.medina-agadir.com\/?s={search_term_string}"},"query-input":{"@type":"PropertyValueSpecification","valueRequired":true,"valueName":"search_term_string"}}],"inLanguage":"en-US"}]}},"_links":{"self":[{"href":"https:\/\/www.medina-agadir.com\/en\/wp-json\/wp\/v2\/pages\/2573","targetHints":{"allow":["GET"]}}],"collection":[{"href":"https:\/\/www.medina-agadir.com\/en\/wp-json\/wp\/v2\/pages"}],"about":[{"href":"https:\/\/www.medina-agadir.com\/en\/wp-json\/wp\/v2\/types\/page"}],"author":[{"embeddable":true,"href":"https:\/\/www.medina-agadir.com\/en\/wp-json\/wp\/v2\/users\/1"}],"replies":[{"embeddable":true,"href":"https:\/\/www.medina-agadir.com\/en\/wp-json\/wp\/v2\/comments?post=2573"}],"version-history":[{"count":5,"href":"https:\/\/www.medina-agadir.com\/en\/wp-json\/wp\/v2\/pages\/2573\/revisions"}],"predecessor-version":[{"id":3261,"href":"https:\/\/www.medina-agadir.com\/en\/wp-json\/wp\/v2\/pages\/2573\/revisions\/3261"}],"wp:featuredmedia":[{"embeddable":true,"href":"https:\/\/www.medina-agadir.com\/en\/wp-json\/wp\/v2\/media\/3105"}],"wp:attachment":[{"href":"https:\/\/www.medina-agadir.com\/en\/wp-json\/wp\/v2\/media?parent=2573"}],"curies":[{"name":"wp","href":"https:\/\/api.w.org\/{rel}","templated":true}]}}